{"id":985,"date":"2020-04-06T13:44:44","date_gmt":"2020-04-06T13:44:44","guid":{"rendered":"https:\/\/joakimekendahl.com\/?page_id=985"},"modified":"2025-11-11T10:26:25","modified_gmt":"2025-11-11T09:26:25","slug":"guide","status":"publish","type":"page","link":"https:\/\/joakimekendahl.com\/sv\/guide\/","title":{"rendered":"GUIDE"},"content":{"rendered":"\n<p>Min karri\u00e4r \u00e4r krokig men har nu lett fram till n\u00e5got jag trivs med. I m\u00e5nga \u00e5r arbetade jag inom b\u00e5de offentlig sektor och n\u00e4ringslivet. Under 90-talet arbetade jag p\u00e5 svenska ambassaden i Bangkok och p\u00e5 00-talet arbetade jag f\u00f6r Kustbevakningen och hade klippkort till Bryssel d\u00e4r jag ikl\u00e4dd kostym satt och f\u00f6rhandlade fiskefr\u00e5gor med simultantolkning i h\u00f6rlurar. D\u00e4refter blev det n\u00e5gra \u00e5r p\u00e5 IKEA innan jag \u00e5r 2017 best\u00e4mde jag mig f\u00f6r att det var dags att byta karri\u00e4r och satsa p\u00e5 ett nytt \u00e4ventyr. Denna g\u00e5ngen var \u00e4ventyret att b\u00f6rja arbeta med aktivitetsbaserad turism \/ \u00e4ventyrsturism. Jag s\u00f6kte mig till Campus \u00c5res utbildning till Vildmarks- och \u00c4ventyrsguide och har nu diverse certifikat som g\u00f6r att jag kan arbeta som guide och instrukt\u00f6r inom olika aktiviteter.<\/p>\n\n\n\n<p>Sommartid arbetar jag som cykelguide f\u00f6r ett amerikanskt f\u00f6retag som anordnar vandrings- och cykelresor runt om i v\u00e4rlden. Jag \u00e4r en av deras guider p\u00e5 turerna i Skandinavien men konsultar \u00e4ven inom produktutveckling av upplevelser. Under vintrarna arbetar jag som reseledare i Sydostasien. <\/p>\n\n\n\n<p>Vid sidan av arbetet som cykelguide driver jag ett f\u00f6retag som arrangerar guidade paddelturer med med packraft i vattnen runt G\u00f6teborg.<\/p>\n\n\n\n<figure class=\"wp-block-image size-full\"><img loading=\"lazy\" decoding=\"async\" width=\"703\" height=\"527\" src=\"https:\/\/joakimekendahl.com\/wp-content\/uploads\/2024\/10\/IMG_7067.jpg\" alt=\"\" class=\"wp-image-1314\" srcset=\"https:\/\/joakimekendahl.com\/wp-content\/uploads\/2024\/10\/IMG_7067.jpg 703w, https:\/\/joakimekendahl.com\/wp-content\/uploads\/2024\/10\/IMG_7067-300x225.jpg 300w, https:\/\/joakimekendahl.com\/wp-content\/uploads\/2024\/10\/IMG_7067-150x112.jpg 150w, https:\/\/joakimekendahl.com\/wp-content\/uploads\/2024\/10\/IMG_7067-16x12.jpg 16w\" sizes=\"auto, (max-width: 703px) 100vw, 703px\" \/><\/figure>\n","protected":false},"excerpt":{"rendered":"<p>Min karri\u00e4r \u00e4r krokig men har nu lett fram till n\u00e5got jag trivs med. I m\u00e5nga \u00e5r arbetade jag inom b\u00e5de offentlig sektor och n\u00e4ringslivet. Under 90-talet arbetade jag p\u00e5 <a class=\"more-link\" href=\"https:\/\/joakimekendahl.com\/sv\/guide\/\">Continue Reading \u2192<\/a><\/p>\n","protected":false},"author":1,"featured_media":990,"parent":0,"menu_order":0,"comment_status":"closed","ping_status":"closed","template":"","meta":{"footnotes":""},"class_list":["post-985","page","type-page","status-publish","has-post-thumbnail","hentry"],"jetpack_sharing_enabled":true,"_links":{"self":[{"href":"https:\/\/joakimekendahl.com\/sv\/wp-json\/wp\/v2\/pages\/985","targetHints":{"allow":["GET"]}}],"collection":[{"href":"https:\/\/joakimekendahl.com\/sv\/wp-json\/wp\/v2\/pages"}],"about":[{"href":"https:\/\/joakimekendahl.com\/sv\/wp-json\/wp\/v2\/types\/page"}],"author":[{"embeddable":true,"href":"https:\/\/joakimekendahl.com\/sv\/wp-json\/wp\/v2\/users\/1"}],"replies":[{"embeddable":true,"href":"https:\/\/joakimekendahl.com\/sv\/wp-json\/wp\/v2\/comments?post=985"}],"version-history":[{"count":9,"href":"https:\/\/joakimekendahl.com\/sv\/wp-json\/wp\/v2\/pages\/985\/revisions"}],"predecessor-version":[{"id":1395,"href":"https:\/\/joakimekendahl.com\/sv\/wp-json\/wp\/v2\/pages\/985\/revisions\/1395"}],"wp:featuredmedia":[{"embeddable":true,"href":"https:\/\/joakimekendahl.com\/sv\/wp-json\/wp\/v2\/media\/990"}],"wp:attachment":[{"href":"https:\/\/joakimekendahl.com\/sv\/wp-json\/wp\/v2\/media?parent=985"}],"curies":[{"name":"wp","href":"https:\/\/api.w.org\/{rel}","templated":true}]}}