{"id":971,"date":"2020-04-06T12:19:07","date_gmt":"2020-04-06T12:19:07","guid":{"rendered":"https:\/\/joakimekendahl.com\/?page_id=971"},"modified":"2025-11-11T10:29:09","modified_gmt":"2025-11-11T09:29:09","slug":"aventyrare","status":"publish","type":"page","link":"https:\/\/joakimekendahl.com\/sv\/aventyrare\/","title":{"rendered":"\u00c4VENTYRARE"},"content":{"rendered":"\n<p>Redan de gamla grekerna kunde det h\u00e4r med \u00e4ventyr och resor. Det \u00e4r liksom sv\u00e5rt f\u00f6r oss nutidsm\u00e4nniskor som leds runt i v\u00e4rlden av diverse appar att m\u00e4ta sig med Oddyseus eller f\u00f6r all del Phileas Fogg.<\/p>\n\n\n\n<p>Ordet \u00e4ventyr leder l\u00e4tt tankarna till strapatser och umb\u00e4randen i besv\u00e4rlig terr\u00e4ng. Men m\u00e5ste ett \u00e4ventyr verkligen ta l\u00e5ng tid och inneb\u00e4ra resor till avl\u00e4gsna platser? Orden upplevelse och \u00e4ventyr blandas ibland samman, men f\u00f6r mig \u00e4r orden kusiner. Ett \u00e4ventyr \u00e4r en upplevelse, fast med en krydda av utmaning fysiskt eller mentalt d\u00e4r jag inte \u00e4r helt s\u00e4ker p\u00e5 om jag kommer klara av det eller var jag kommer att till slut kommer hamna.<\/p>\n\n\n\n<p>Jag har varit med ett antal sp\u00e4nnande och f\u00f6r mig storslagna och \u00e4ventyrliga upplevelser i fr\u00e4mmande och exotiska l\u00e4nder. Mitt kanske st\u00f6rsta \u00e4ventyr var n\u00e4r jag 17 \u00e5r gammal i slutet av 80-talet \u00e5kte iv\u00e4g som utbytesstudent till en landsortsskola i Thailand. Det var ett l\u00e5ngt hopp in i b\u00e5de en ny milj\u00f6 och in i mig sj\u00e4lv. Ett j\u00e4tte\u00e4ventyr, men utan varken fysiska strapatser eller umb\u00e4randen.<\/p>\n\n\n\n<p>F\u00f6r n\u00e5gra \u00e5r sedan cyklade min sambo Wej och jag mellan G\u00f6teborg d\u00e4r vi bor nu och Bangkok d\u00e4r vi bodde f\u00f6rr. Den resan var full av strapatser, m\u00f6ten, vacker natur och allehanda utmaningar. Det var en helt annan typ av \u00e4ventyr \u00e4n utbytes\u00e5ret.<\/p>\n\n\n\n<p>Alla dessa fantastiska och utmanande upplevelser i fr\u00e4mmande milj\u00f6er till trots utspelar sig mina mesta \u00e4ventyr hemmavid. Att f\u00f6rs\u00f6ka komma n\u00e4ra inp\u00e5 en b\u00e4ver en sen sommarkv\u00e4ll n\u00e4r \u00e4lvorna dansar \u00f6ver S\u00e4ve\u00e5n \u00e4r en typ av \u00e4ventyr, att byta karri\u00e4r och starta f\u00f6retag i en helt ny bransch \u00e4r ett annat. Man m\u00e5ste inte kippa efter andan p\u00e5 v\u00e4g uppf\u00f6r en grusv\u00e4g till ett h\u00f6gt bergspass i L\u00e5ngtbortistan f\u00f6r att det ska f\u00e5 kallas \u00e4ventyr.  <\/p>\n\n\n\n<p>H\u00e4r \u00e4r i alla fall listan \u00f6ver de senaste \u00e5rens &#8221;traditionella&#8221; \u00e4ventyr.<\/p>\n\n\n\n<p><a href=\"https:\/\/www.youtube.com\/watch?v=CUNvDzMOPJg\">2020-2024 Bikepacking i norra Thailand<\/a><br><a href=\"https:\/\/www.youtube.com\/watch?v=c70byiw2wXc\" target=\"_blank\" rel=\"noreferrer noopener\">2019 L\u00e5ngf\u00e4rdscykling i Oman och F\u00f6renade Arabemiraten<\/a><br>2019 Budapest &#8211; Berlin p\u00e5 racercykel<br><a href=\"https:\/\/www.youtube.com\/watch?v=n6RVzhfTUn8\" target=\"_blank\" rel=\"noreferrer noopener\">2018 Bikepacking i Tadjikistan <\/a><br>2018 G\u00f6teborg &#8211; Oslo p\u00e5 cykel<br>2017 Marocco p\u00e5 MTB<br>2014 L\u00e5ngf\u00e4rdscykling genom Danmark<br>2015 L\u00e5ngf\u00e4rdscykling i Armenien och Nagorno Karabach<br><a href=\"http:\/\/cyclinghome.nu\/\" target=\"_blank\" rel=\"noreferrer noopener\">2013 G\u00f6teborg &#8211; Bangkok p\u00e5 cykel <\/a><br><a href=\"https:\/\/www.youtube.com\/watch?v=c70byiw2wXc\" target=\"_blank\" rel=\"noreferrer noopener\">2012 L\u00e5ngf\u00e4rdscykling i Pamir <\/a><br>2010 L\u00e5ngf\u00e4rdscykling i Baltikum<\/p>\n\n\n\n<figure class=\"wp-block-image size-large\"><img loading=\"lazy\" decoding=\"async\" width=\"1024\" height=\"683\" src=\"https:\/\/joakimekendahl.com\/wp-content\/uploads\/2020\/04\/joakim-riding-2-1024x683.jpg\" alt=\"\" class=\"wp-image-996\" srcset=\"https:\/\/joakimekendahl.com\/wp-content\/uploads\/2020\/04\/joakim-riding-2-1024x683.jpg 1024w, https:\/\/joakimekendahl.com\/wp-content\/uploads\/2020\/04\/joakim-riding-2-300x200.jpg 300w, https:\/\/joakimekendahl.com\/wp-content\/uploads\/2020\/04\/joakim-riding-2-150x100.jpg 150w, https:\/\/joakimekendahl.com\/wp-content\/uploads\/2020\/04\/joakim-riding-2-768x512.jpg 768w, https:\/\/joakimekendahl.com\/wp-content\/uploads\/2020\/04\/joakim-riding-2-1536x1024.jpg 1536w, https:\/\/joakimekendahl.com\/wp-content\/uploads\/2020\/04\/joakim-riding-2-2048x1365.jpg 2048w, https:\/\/joakimekendahl.com\/wp-content\/uploads\/2020\/04\/joakim-riding-2-400x267.jpg 400w\" sizes=\"auto, (max-width: 1024px) 100vw, 1024px\" \/><\/figure>\n\n\n\n<p><\/p>\n","protected":false},"excerpt":{"rendered":"<p>Redan de gamla grekerna kunde det h\u00e4r med \u00e4ventyr och resor. Det \u00e4r liksom sv\u00e5rt f\u00f6r oss nutidsm\u00e4nniskor som leds runt i v\u00e4rlden av diverse appar att m\u00e4ta sig med <a class=\"more-link\" href=\"https:\/\/joakimekendahl.com\/sv\/aventyrare\/\">Continue Reading \u2192<\/a><\/p>\n","protected":false},"author":1,"featured_media":983,"parent":0,"menu_order":0,"comment_status":"closed","ping_status":"closed","template":"","meta":{"footnotes":""},"class_list":["post-971","page","type-page","status-publish","has-post-thumbnail","hentry"],"jetpack_sharing_enabled":true,"_links":{"self":[{"href":"https:\/\/joakimekendahl.com\/sv\/wp-json\/wp\/v2\/pages\/971","targetHints":{"allow":["GET"]}}],"collection":[{"href":"https:\/\/joakimekendahl.com\/sv\/wp-json\/wp\/v2\/pages"}],"about":[{"href":"https:\/\/joakimekendahl.com\/sv\/wp-json\/wp\/v2\/types\/page"}],"author":[{"embeddable":true,"href":"https:\/\/joakimekendahl.com\/sv\/wp-json\/wp\/v2\/users\/1"}],"replies":[{"embeddable":true,"href":"https:\/\/joakimekendahl.com\/sv\/wp-json\/wp\/v2\/comments?post=971"}],"version-history":[{"count":21,"href":"https:\/\/joakimekendahl.com\/sv\/wp-json\/wp\/v2\/pages\/971\/revisions"}],"predecessor-version":[{"id":1399,"href":"https:\/\/joakimekendahl.com\/sv\/wp-json\/wp\/v2\/pages\/971\/revisions\/1399"}],"wp:featuredmedia":[{"embeddable":true,"href":"https:\/\/joakimekendahl.com\/sv\/wp-json\/wp\/v2\/media\/983"}],"wp:attachment":[{"href":"https:\/\/joakimekendahl.com\/sv\/wp-json\/wp\/v2\/media?parent=971"}],"curies":[{"name":"wp","href":"https:\/\/api.w.org\/{rel}","templated":true}]}}