{"id":1029,"date":"2020-05-12T09:59:17","date_gmt":"2020-05-12T09:59:17","guid":{"rendered":"https:\/\/joakimekendahl.com\/?page_id=1029"},"modified":"2021-05-30T21:24:28","modified_gmt":"2021-05-30T21:24:28","slug":"packrafting","status":"publish","type":"page","link":"https:\/\/joakimekendahl.com\/sv\/packrafting\/","title":{"rendered":"PACKRAFTING"},"content":{"rendered":"\n<p>Viruset h\u00e4rjar och vi f\u00e5r inte resa som vi brukar. D\u00e5 \u00e4r det tur att G\u00f6teborg har s\u00e5 mycket att erbjuda. Endast ett stenkast bort, eller \u00e5tminstone en kortare cykeltur, finns riktig vildmark att uppt\u00e4cka. <\/p>\n\n\n\n<p>En packraft \u00e4r en liten uppbl\u00e5sbar b\u00e5t som v\u00e4ger under 3 kg. De finns i m\u00e5nga typer f\u00f6r att anv\u00e4nda till allt mellan stillsam paddling i sj\u00f6ar till skummande forsar. L\u00e4s mer om mina erbjudanden f\u00f6r packraftingturer p\u00e5 <a href=\"http:\/\/www.paddelnochpedalen.se\">www.paddelnochpedalen.se<\/a><\/p>\n\n\n\n<figure class=\"wp-block-image size-large\"><img loading=\"lazy\" decoding=\"async\" width=\"1024\" height=\"768\" src=\"https:\/\/joakimekendahl.com\/wp-content\/uploads\/2021\/02\/IMG_1777-1024x768.jpg\" alt=\"\" class=\"wp-image-1111\" srcset=\"https:\/\/joakimekendahl.com\/wp-content\/uploads\/2021\/02\/IMG_1777-1024x768.jpg 1024w, https:\/\/joakimekendahl.com\/wp-content\/uploads\/2021\/02\/IMG_1777-300x225.jpg 300w, https:\/\/joakimekendahl.com\/wp-content\/uploads\/2021\/02\/IMG_1777-150x113.jpg 150w, https:\/\/joakimekendahl.com\/wp-content\/uploads\/2021\/02\/IMG_1777-768x576.jpg 768w, https:\/\/joakimekendahl.com\/wp-content\/uploads\/2021\/02\/IMG_1777-1536x1152.jpg 1536w, https:\/\/joakimekendahl.com\/wp-content\/uploads\/2021\/02\/IMG_1777-2048x1536.jpg 2048w\" sizes=\"auto, (max-width: 1024px) 100vw, 1024px\" \/><\/figure>\n","protected":false},"excerpt":{"rendered":"<p>Viruset h\u00e4rjar och vi f\u00e5r inte resa som vi brukar. D\u00e5 \u00e4r det tur att G\u00f6teborg har s\u00e5 mycket att erbjuda. Endast ett stenkast bort, eller \u00e5tminstone en kortare cykeltur, <a class=\"more-link\" href=\"https:\/\/joakimekendahl.com\/sv\/packrafting\/\">Continue Reading \u2192<\/a><\/p>\n","protected":false},"author":1,"featured_media":0,"parent":0,"menu_order":0,"comment_status":"closed","ping_status":"closed","template":"","meta":{"footnotes":""},"class_list":["post-1029","page","type-page","status-publish","hentry"],"jetpack_sharing_enabled":true,"_links":{"self":[{"href":"https:\/\/joakimekendahl.com\/sv\/wp-json\/wp\/v2\/pages\/1029","targetHints":{"allow":["GET"]}}],"collection":[{"href":"https:\/\/joakimekendahl.com\/sv\/wp-json\/wp\/v2\/pages"}],"about":[{"href":"https:\/\/joakimekendahl.com\/sv\/wp-json\/wp\/v2\/types\/page"}],"author":[{"embeddable":true,"href":"https:\/\/joakimekendahl.com\/sv\/wp-json\/wp\/v2\/users\/1"}],"replies":[{"embeddable":true,"href":"https:\/\/joakimekendahl.com\/sv\/wp-json\/wp\/v2\/comments?post=1029"}],"version-history":[{"count":5,"href":"https:\/\/joakimekendahl.com\/sv\/wp-json\/wp\/v2\/pages\/1029\/revisions"}],"predecessor-version":[{"id":1121,"href":"https:\/\/joakimekendahl.com\/sv\/wp-json\/wp\/v2\/pages\/1029\/revisions\/1121"}],"wp:attachment":[{"href":"https:\/\/joakimekendahl.com\/sv\/wp-json\/wp\/v2\/media?parent=1029"}],"curies":[{"name":"wp","href":"https:\/\/api.w.org\/{rel}","templated":true}]}}